{"id":13546,"date":"2025-08-10T15:40:51","date_gmt":"2025-08-10T12:40:51","guid":{"rendered":"https:\/\/medyaland.com.tr\/?page_id=13546"},"modified":"2025-08-17T19:06:30","modified_gmt":"2025-08-17T16:06:30","slug":"is-ortaklarimiz","status":"publish","type":"page","link":"https:\/\/medyaland.com.tr\/index.php\/is-ortaklarimiz\/","title":{"rendered":"\u0130\u015f Ortaklar\u0131m\u0131z"},"content":{"rendered":"<div class=\"wpb-content-wrapper\"><p>[vc_section full_width=&#8221;stretch_row&#8221; pix_over_visibility=&#8221;&#8221; responsive_css=&#8221;{&#8220;pix_res_sm_pt&#8220;:&#8220;20&#8220;,&#8220;pix_res_md_pt&#8220;:&#8220;30&#8220;}&#8221; el_id=&#8221;pix_section_gallery&#8221; css=&#8221;.vc_custom_1649196113380{padding-top: 60px !important;padding-bottom: 60px !important;}&#8221;][vc_row full_width=&#8221;stretch_row&#8221; pix_particles_check=&#8221;&#8221;][vc_column content_align=&#8221;text-center&#8221;]<div class=\"pix-content-box card      vc_custom_1635811920260    rounded-10 fly-sm animate-in bg-  d-inline-flex  \"  data-anim-type=\"fade-in\" data-anim-delay=\"0\"><div class=\"scene scene-over\"><\/div><div class=\"d-inline-flex\" style=\"z-index:30;position:relative;\"><a href=\"#\" ><div id=\"pix-feature-1635808243067-c97d6904-01ca\" class=\"pix-feature-el media \"><div class=\"pix-feature-icon mr-3 mw-100 d-flex text-gradient-primary animate-in\" data-anim-type=\"fade-in-up\" data-anim-delay=\"100\" style=\"font-size:37px;width:37px;aspect-ratio:1\/1 !important;position:relative;line-height:37px;text-align:center;\"><svg class=\"pixfort-icon \" width=\"24\" height=\"24\"  data-name=\"Duotone\/pixfort-icon-text-font-1\" viewBox=\"2 2 20 20\"><g fill=\"none\" fill-rule=\"evenodd\"><path fill=\"var(--pf-icon-color)\" fill-opacity=\".25\" d=\"M21,9.5 C21.8284271,9.5 22.5,10.1715729 22.5,11 L22.5,18 C22.5,18.8284271 21.8284271,19.5 21,19.5 C20.5715732,19.5 20.1850973,19.320387 19.9117652,19.032354 C19.3362922,19.331681 18.689578,19.5 18,19.5 C15.4589902,19.5 13.5,17.2145114 13.5,14.5 C13.5,11.7854886 15.4589902,9.5 18,9.5 C18.689578,9.5 19.3362922,9.66831903 19.9126219,9.9678533 C20.1850973,9.67961299 20.5715732,9.5 21,9.5 Z M18,12.5 C17.2273013,12.5 16.5,13.3485182 16.5,14.5 C16.5,15.6514818 17.2273013,16.5 18,16.5 C18.7726987,16.5 19.5,15.6514818 19.5,14.5 C19.5,13.3485182 18.7726987,12.5 18,12.5 Z\"\/><path fill=\"var(--pf-icon-color)\" d=\"M8.90449377,5.47331484 L13.4044938,17.4733148 C13.6953739,18.2489953 13.3023657,19.1136136 12.5266852,19.4044938 C11.7510047,19.6953739 10.8863864,19.3023657 10.5955062,18.5266852 L9.45959344,15.499 L5.53859344,15.499 L4.40449377,18.5266852 C4.13072418,19.2567374 3.34872987,19.6478136 2.61098798,19.4487877 L2.47331484,19.4044938 C1.69763435,19.1136136 1.30462605,18.2489953 1.59550623,17.4733148 L6.09550623,5.47331484 C6.58216365,4.17556172 8.41783635,4.17556172 8.90449377,5.47331484 Z M7.5,10.271 L6.47659344,12.999 L8.52259344,12.999 L7.5,10.271 Z\"\/><\/g><\/svg><\/div><div class=\"media-body text-left\"><h6 class=\"pix-feature-title font-weight-bold   text-heading-default animate-in \" style=\"padding-top:7px;\" data-anim-type=\"fade-in-up\" data-anim-delay=\"200\">Perfect Design<\/h6><div class=\"pix-feature-content text-text-gray text-xs     animate-in\" style=\"\" data-anim-type=\"fade-in-up\" data-anim-delay=\"300\"><\/div><\/div><\/div><\/a><\/div><\/div><div class=\"pix-content-box card      vc_custom_1635811932031    rounded-10 fly-sm animate-in bg-  d-inline-flex  \"  data-anim-type=\"fade-in\" data-anim-delay=\"100\"><div class=\"scene scene-over\"><\/div><div class=\"d-inline-flex\" style=\"z-index:30;position:relative;\"><a href=\"#\" ><div id=\"pix-feature-1635808243073-1cde2450-59a6\" class=\"pix-feature-el media \"><div class=\"pix-feature-icon mr-3 mw-100 d-flex text-gradient-primary animate-in\" data-anim-type=\"fade-in-up\" data-anim-delay=\"200\" style=\"font-size:37px;width:37px;aspect-ratio:1\/1 !important;position:relative;line-height:37px;text-align:center;\"><svg class=\"pixfort-icon \" width=\"24\" height=\"24\"  data-name=\"Duotone\/pixfort-icon-double-check-1\" viewBox=\"2 2 20 20\"><g fill=\"none\" fill-rule=\"evenodd\"><path fill=\"var(--pf-icon-color)\" fill-opacity=\".25\" d=\"M20.2928932,7.29289322 C20.6834175,6.90236893 21.3165825,6.90236893 21.7071068,7.29289322 C22.0976311,7.68341751 22.0976311,8.31658249 21.7071068,8.70710678 L13.2071068,17.2071068 C12.8165825,17.5976311 12.1834175,17.5976311 11.7928932,17.2071068 L7.29289322,12.7071068 C6.90236893,12.3165825 6.90236893,11.6834175 7.29289322,11.2928932 C7.68341751,10.9023689 8.31658249,10.9023689 8.70710678,11.2928932 L12.5,15.085 L20.2928932,7.29289322 Z\"\/><path fill=\"var(--pf-icon-color)\" d=\"M15.2928932,7.29289322 C15.6834175,6.90236893 16.3165825,6.90236893 16.7071068,7.29289322 C17.0976311,7.68341751 17.0976311,8.31658249 16.7071068,8.70710678 L8.20710678,17.2071068 C7.81658249,17.5976311 7.18341751,17.5976311 6.79289322,17.2071068 L2.29289322,12.7071068 C1.90236893,12.3165825 1.90236893,11.6834175 2.29289322,11.2928932 C2.68341751,10.9023689 3.31658249,10.9023689 3.70710678,11.2928932 L7.5,15.085 L15.2928932,7.29289322 Z\"\/><\/g><\/svg><\/div><div class=\"media-body text-left\"><h6 class=\"pix-feature-title font-weight-bold   text-heading-default animate-in \" style=\"padding-top:7px;\" data-anim-type=\"fade-in-up\" data-anim-delay=\"300\">Fast performance<\/h6><div class=\"pix-feature-content text-text-gray text-xs     animate-in\" style=\"\" data-anim-type=\"fade-in-up\" data-anim-delay=\"400\"><\/div><\/div><\/div><\/a><\/div><\/div><div class=\"pix-content-box card      vc_custom_1635811944073    rounded-10 fly-sm animate-in bg-  d-inline-flex  \"  data-anim-type=\"fade-in\" data-anim-delay=\"200\"><div class=\"scene scene-over\"><\/div><div class=\"d-inline-flex\" style=\"z-index:30;position:relative;\"><a href=\"#\" ><div id=\"pix-feature-1635808243079-282cb59b-5dc5\" class=\"pix-feature-el media \"><div class=\"pix-feature-icon mr-3 mw-100 d-flex text-gradient-primary animate-in\" data-anim-type=\"fade-in-up\" data-anim-delay=\"300\" style=\"font-size:37px;width:37px;aspect-ratio:1\/1 !important;position:relative;line-height:37px;text-align:center;\"><svg class=\"pixfort-icon \" width=\"24\" height=\"24\"  data-name=\"Duotone\/pixfort-icon-lock-refresh-1\" viewBox=\"2 2 20 20\"><g fill=\"none\" fill-rule=\"evenodd\"><path fill=\"var(--pf-icon-color)\" fill-opacity=\".25\" d=\"M12,2 C17.5228475,2 22,6.4771525 22,12 C22,17.5228475 17.5228475,22 12,22 C6.4771525,22 2,17.5228475 2,12 C2,11.4477153 2.44771525,11 3,11 C3.55228475,11 4,11.4477153 4,12 C4,16.418278 7.581722,20 12,20 C16.418278,20 20,16.418278 20,12 C20,7.581722 16.418278,4 12,4 C9.68609452,4 7.551898,4.99108841 6.06687856,6.63168971 L6.52299054,6.52610745 C7.02243754,6.40968886 7.52170877,6.68970014 7.69086637,7.16094135 L7.72389255,7.27299054 C7.84926642,7.81085654 7.51487547,8.34851869 6.97700946,8.47389255 L4.20551973,9.12104454 C3.96007251,9.21599657 3.6777599,9.21450555 3.42059383,9.09410823 C3.06754281,8.9288205 2.85625268,8.58360684 2.84484589,8.21891991 L2.5069762,5.36791408 C2.44185405,4.81948218 2.83365401,4.32209835 3.38208592,4.2569762 C3.93051782,4.19185405 4.42790165,4.58365401 4.4930238,5.13208592 L4.51921522,5.36192323 C6.37770995,3.26826362 9.07415193,2 12,2 Z\" transform=\"matrix(-1 0 0 1 24 0)\"\/><path fill=\"var(--pf-icon-color)\" d=\"M12,5.75 C13.671924,5.75 15.0357143,7.0759072 15.0357143,8.72222222 L15.0355084,9.64718251 C15.9972585,9.73706949 16.75,10.5465017 16.75,11.531746 L16.75,15.3571429 C16.75,16.402539 15.902539,17.25 14.8571429,17.25 L9.14285714,17.25 C8.09746101,17.25 7.25,16.402539 7.25,15.3571429 L7.25,11.531746 C7.25,10.5465017 8.00274152,9.73706949 8.96449157,9.64718251 L8.96428571,8.72222222 C8.96428571,7.0759072 10.328076,5.75 12,5.75 Z M12,7.25 C11.1471937,7.25 10.4642857,7.91393836 10.4642857,8.72222222 L10.464,9.638 L13.535,9.638 L13.5357143,8.72222222 C13.5357143,7.91393836 12.8528063,7.25 12,7.25 Z\"\/><\/g><\/svg><\/div><div class=\"media-body text-left\"><h6 class=\"pix-feature-title font-weight-bold   text-heading-default animate-in \" style=\"padding-top:7px;\" data-anim-type=\"fade-in-up\" data-anim-delay=\"400\">Security Updates<\/h6><div class=\"pix-feature-content text-text-gray text-xs     animate-in\" style=\"\" data-anim-type=\"fade-in-up\" data-anim-delay=\"500\"><\/div><\/div><\/div><\/a><\/div><\/div><div class=\"pix-el-text w-100 text-center  vc_custom_1642629113816\" ><div class=\"d-inline-block\" style=\"max-width:550px;\"><p class=\"text-20  text-body-default text-center \" ><span class=\"text-body-default animate-in d-inline-block\" data-anim-delay=\"150\" data-anim-type=\"fade-in-up\">Advanced features combined with a large display, fast performance, and highly calibrated sensors have always made uniquely capable.<\/span><\/p><\/div><\/div>[\/vc_column][\/vc_row][vc_row b_flip_h=&#8221;true&#8221; pix_particles_check=&#8221;&#8221; css=&#8221;.vc_custom_1649196145615{padding-bottom: 20px !important;}&#8221;][vc_column content_align=&#8221;text-center&#8221; offset=&#8221;vc_col-lg-offset-1 vc_col-lg-10&#8243;]<div class=\"pix-lightbox\"><div class=\"pix_masonry  pix-3-columns\" style=\"width:100%\"><div class=\"grid-sizer\"><\/div><div class=\"gutter-sizer\"><\/div><div class=\" grid-item pix-mb-20 \"><a class=\"card pix-lightbox pix-lightbox-item pix-hover-item  tilt shadow-hover-lg rounded-lg\" data-fancybox=\"gallery\" data-caption=\"\" href=\"https:\/\/medyaland.com.tr\/wp-content\/uploads\/2025\/08\/6f26665eb27ab17fb1bb7baf22d70073.jpg\"><img fetchpriority=\"high\" decoding=\"async\" class=\"card-img  rounded-lg pix-gallery-item pix-gallery-sm\" src=\"https:\/\/medyaland.com.tr\/wp-content\/uploads\/2025\/08\/6f26665eb27ab17fb1bb7baf22d70073.jpg\" width=\"564\" height=\"423\" alt=\"\" \/><div class=\"card-img-overlay d-flex align-items-end pix-p-10\"><\/div><\/a><\/div><div class=\" grid-item pix-mb-20 \"><a class=\"card pix-lightbox pix-lightbox-item pix-hover-item  tilt shadow-hover-lg rounded-lg\" data-fancybox=\"gallery\" data-caption=\"\" href=\"https:\/\/medyaland.com.tr\/wp-content\/uploads\/2025\/08\/9ea8327f6fc3e107b6891b9bc31d56ef-e1755445927139.jpg\"><img decoding=\"async\" class=\"card-img  rounded-lg pix-gallery-item pix-gallery-sm\" src=\"https:\/\/medyaland.com.tr\/wp-content\/uploads\/2025\/08\/9ea8327f6fc3e107b6891b9bc31d56ef-e1755445927139.jpg\" width=\"1000\" height=\"390\" alt=\"\" \/><div class=\"card-img-overlay d-flex align-items-end pix-p-10\"><\/div><\/a><\/div><div class=\" grid-item pix-mb-20 \"><a class=\"card pix-lightbox pix-lightbox-item pix-hover-item  tilt shadow-hover-lg rounded-lg\" data-fancybox=\"gallery\" data-caption=\"\" href=\"https:\/\/medyaland.com.tr\/wp-content\/uploads\/2025\/08\/ce25b8e24a576a4e33a6ecad90b9b383.jpg\"><img decoding=\"async\" class=\"card-img  rounded-lg pix-gallery-item pix-gallery-sm\" src=\"https:\/\/medyaland.com.tr\/wp-content\/uploads\/2025\/08\/ce25b8e24a576a4e33a6ecad90b9b383.jpg\" width=\"1081\" height=\"1081\" alt=\"\" \/><div class=\"card-img-overlay d-flex align-items-end pix-p-10\"><\/div><\/a><\/div><div class=\" grid-item pix-mb-20 \"><a class=\"card pix-lightbox pix-lightbox-item pix-hover-item  tilt shadow-hover-lg rounded-lg\" data-fancybox=\"gallery\" data-caption=\"\" href=\"https:\/\/medyaland.com.tr\/wp-content\/uploads\/2025\/08\/df51bae01cd310b9012c8b65de3c6b2f.jpg\"><img loading=\"lazy\" decoding=\"async\" class=\"card-img  rounded-lg pix-gallery-item pix-gallery-sm\" src=\"https:\/\/medyaland.com.tr\/wp-content\/uploads\/2025\/08\/df51bae01cd310b9012c8b65de3c6b2f.jpg\" width=\"960\" height=\"960\" alt=\"\" \/><div class=\"card-img-overlay d-flex align-items-end pix-p-10\"><\/div><\/a><\/div><div class=\" grid-item pix-mb-20 \"><a class=\"card pix-lightbox pix-lightbox-item pix-hover-item  tilt shadow-hover-lg rounded-lg\" data-fancybox=\"gallery\" data-caption=\"\" href=\"https:\/\/medyaland.com.tr\/wp-content\/uploads\/2025\/08\/unnamed.png\"><img loading=\"lazy\" decoding=\"async\" class=\"card-img  rounded-lg pix-gallery-item pix-gallery-sm\" src=\"https:\/\/medyaland.com.tr\/wp-content\/uploads\/2025\/08\/unnamed.png\" width=\"512\" height=\"365\" alt=\"\" \/><div class=\"card-img-overlay d-flex align-items-end pix-p-10\"><\/div><\/a><\/div><div class=\" grid-item pix-mb-20 \"><a class=\"card pix-lightbox pix-lightbox-item pix-hover-item  tilt shadow-hover-lg rounded-lg\" data-fancybox=\"gallery\" data-caption=\"\" href=\"https:\/\/medyaland.com.tr\/wp-content\/uploads\/2025\/08\/unnamed-1.png\"><img loading=\"lazy\" decoding=\"async\" class=\"card-img  rounded-lg pix-gallery-item pix-gallery-sm\" src=\"https:\/\/medyaland.com.tr\/wp-content\/uploads\/2025\/08\/unnamed-1.png\" width=\"512\" height=\"384\" alt=\"\" \/><div class=\"card-img-overlay d-flex align-items-end pix-p-10\"><\/div><\/a><\/div><div class=\" grid-item pix-mb-20 \"><a class=\"card pix-lightbox pix-lightbox-item pix-hover-item  tilt shadow-hover-lg rounded-lg\" data-fancybox=\"gallery\" data-caption=\"\" href=\"https:\/\/medyaland.com.tr\/wp-content\/uploads\/2025\/08\/tenteloogogogo.png\"><img loading=\"lazy\" decoding=\"async\" class=\"card-img  rounded-lg pix-gallery-item pix-gallery-sm\" src=\"https:\/\/medyaland.com.tr\/wp-content\/uploads\/2025\/08\/tenteloogogogo.png\" width=\"242\" height=\"69\" alt=\"\" \/><div class=\"card-img-overlay d-flex align-items-end pix-p-10\"><\/div><\/a><\/div><div class=\" grid-item pix-mb-20 \"><a class=\"card pix-lightbox pix-lightbox-item pix-hover-item  tilt shadow-hover-lg rounded-lg\" data-fancybox=\"gallery\" data-caption=\"\" href=\"https:\/\/medyaland.com.tr\/wp-content\/uploads\/2025\/08\/siyah-kalem.jpg\"><img loading=\"lazy\" decoding=\"async\" class=\"card-img  rounded-lg pix-gallery-item pix-gallery-sm\" src=\"https:\/\/medyaland.com.tr\/wp-content\/uploads\/2025\/08\/siyah-kalem.jpg\" width=\"644\" height=\"295\" alt=\"\" \/><div class=\"card-img-overlay d-flex align-items-end pix-p-10\"><\/div><\/a><\/div><div class=\" grid-item pix-mb-20 \"><a class=\"card pix-lightbox pix-lightbox-item pix-hover-item  tilt shadow-hover-lg rounded-lg\" data-fancybox=\"gallery\" data-caption=\"\" href=\"https:\/\/medyaland.com.tr\/wp-content\/uploads\/2025\/08\/digital-power.jpg\"><img loading=\"lazy\" decoding=\"async\" class=\"card-img  rounded-lg pix-gallery-item pix-gallery-sm\" src=\"https:\/\/medyaland.com.tr\/wp-content\/uploads\/2025\/08\/digital-power.jpg\" width=\"1080\" height=\"1080\" alt=\"\" \/><div class=\"card-img-overlay d-flex align-items-end pix-p-10\"><\/div><\/a><\/div><div class=\" grid-item pix-mb-20 \"><a class=\"card pix-lightbox pix-lightbox-item pix-hover-item  tilt shadow-hover-lg rounded-lg\" data-fancybox=\"gallery\" data-caption=\"\" href=\"https:\/\/medyaland.com.tr\/wp-content\/uploads\/2025\/08\/dap-yapi-logo.png\"><img loading=\"lazy\" decoding=\"async\" class=\"card-img  rounded-lg pix-gallery-item pix-gallery-sm\" src=\"https:\/\/medyaland.com.tr\/wp-content\/uploads\/2025\/08\/dap-yapi-logo.png\" width=\"644\" height=\"295\" alt=\"\" \/><div class=\"card-img-overlay d-flex align-items-end pix-p-10\"><\/div><\/a><\/div><div class=\" grid-item pix-mb-20 \"><a class=\"card pix-lightbox pix-lightbox-item pix-hover-item  tilt shadow-hover-lg rounded-lg\" data-fancybox=\"gallery\" data-caption=\"\" href=\"https:\/\/medyaland.com.tr\/wp-content\/uploads\/2025\/08\/fav-medyaland.png\"><img loading=\"lazy\" decoding=\"async\" class=\"card-img  rounded-lg pix-gallery-item pix-gallery-sm\" src=\"https:\/\/medyaland.com.tr\/wp-content\/uploads\/2025\/08\/fav-medyaland.png\" width=\"512\" height=\"512\" alt=\"\" \/><div class=\"card-img-overlay d-flex align-items-end pix-p-10\"><\/div><\/a><\/div><div class=\" grid-item pix-mb-20 \"><a class=\"card pix-lightbox pix-lightbox-item pix-hover-item  tilt shadow-hover-lg rounded-lg\" data-fancybox=\"gallery\" data-caption=\"\" href=\"https:\/\/medyaland.com.tr\/wp-content\/uploads\/2025\/08\/dag-holding.png\"><img loading=\"lazy\" decoding=\"async\" class=\"card-img  rounded-lg pix-gallery-item pix-gallery-sm\" src=\"https:\/\/medyaland.com.tr\/wp-content\/uploads\/2025\/08\/dag-holding.png\" width=\"644\" height=\"295\" alt=\"\" \/><div class=\"card-img-overlay d-flex align-items-end pix-p-10\"><\/div><\/a><\/div><div class=\" grid-item pix-mb-20 \"><a class=\"card pix-lightbox pix-lightbox-item pix-hover-item  tilt shadow-hover-lg rounded-lg\" data-fancybox=\"gallery\" data-caption=\"\" href=\"https:\/\/medyaland.com.tr\/wp-content\/uploads\/2025\/08\/Aytemiz-Logo-1024x512-1.png\"><img loading=\"lazy\" decoding=\"async\" class=\"card-img  rounded-lg pix-gallery-item pix-gallery-sm\" src=\"https:\/\/medyaland.com.tr\/wp-content\/uploads\/2025\/08\/Aytemiz-Logo-1024x512-1.png\" width=\"1024\" height=\"512\" alt=\"\" \/><div class=\"card-img-overlay d-flex align-items-end pix-p-10\"><\/div><\/a><\/div><div class=\" grid-item pix-mb-20 \"><a class=\"card pix-lightbox pix-lightbox-item pix-hover-item  tilt shadow-hover-lg rounded-lg\" data-fancybox=\"gallery\" data-caption=\"\" href=\"https:\/\/medyaland.com.tr\/wp-content\/uploads\/2025\/08\/aac2a75ea2cetmen.png\"><img loading=\"lazy\" decoding=\"async\" class=\"card-img  rounded-lg pix-gallery-item pix-gallery-sm\" src=\"https:\/\/medyaland.com.tr\/wp-content\/uploads\/2025\/08\/aac2a75ea2cetmen.png\" width=\"500\" height=\"250\" alt=\"\" \/><div class=\"card-img-overlay d-flex align-items-end pix-p-10\"><\/div><\/a><\/div><div class=\" grid-item pix-mb-20 \"><a class=\"card pix-lightbox pix-lightbox-item pix-hover-item  tilt shadow-hover-lg rounded-lg\" data-fancybox=\"gallery\" data-caption=\"\" href=\"https:\/\/medyaland.com.tr\/wp-content\/uploads\/2025\/08\/8087588018613-753-1138642130315-929-1-3.png\"><img loading=\"lazy\" decoding=\"async\" class=\"card-img  rounded-lg pix-gallery-item pix-gallery-sm\" src=\"https:\/\/medyaland.com.tr\/wp-content\/uploads\/2025\/08\/8087588018613-753-1138642130315-929-1-3.png\" width=\"200\" height=\"80\" alt=\"\" \/><div class=\"card-img-overlay d-flex align-items-end pix-p-10\"><\/div><\/a><\/div><div class=\" grid-item pix-mb-20 \"><a class=\"card pix-lightbox pix-lightbox-item pix-hover-item  tilt shadow-hover-lg rounded-lg\" data-fancybox=\"gallery\" data-caption=\"\" href=\"https:\/\/medyaland.com.tr\/wp-content\/uploads\/2025\/08\/1.png\"><img loading=\"lazy\" decoding=\"async\" class=\"card-img  rounded-lg pix-gallery-item pix-gallery-sm\" src=\"https:\/\/medyaland.com.tr\/wp-content\/uploads\/2025\/08\/1.png\" width=\"163\" height=\"178\" alt=\"\" \/><div class=\"card-img-overlay d-flex align-items-end pix-p-10\"><\/div><\/a><\/div><div class=\" grid-item pix-mb-20 \"><a class=\"card pix-lightbox pix-lightbox-item pix-hover-item  tilt shadow-hover-lg rounded-lg\" data-fancybox=\"gallery\" data-caption=\"\" href=\"https:\/\/medyaland.com.tr\/wp-content\/uploads\/2025\/08\/a86073f00361bd2d611057739f812465.jpg\"><img loading=\"lazy\" decoding=\"async\" class=\"card-img  rounded-lg pix-gallery-item pix-gallery-sm\" src=\"https:\/\/medyaland.com.tr\/wp-content\/uploads\/2025\/08\/a86073f00361bd2d611057739f812465.jpg\" width=\"736\" height=\"552\" alt=\"\" \/><div class=\"card-img-overlay d-flex align-items-end pix-p-10\"><\/div><\/a><\/div><\/div><\/div>[\/vc_column][\/vc_row][\/vc_section]<\/p>\n<\/div>","protected":false},"excerpt":{"rendered":"[vc_section full_width=&#8221;stretch_row&#8221; pix_over_visibility=&#8221;&#8221; responsive_css=&#8221;{&#8220;pix_res_sm_pt&#8220;:&#8220;20&#8220;,&#8220;pix_res_md_pt&#8220;:&#8220;30&#8220;}&#8221; el_id=&#8221;pix_section_gallery&#8221; css=&#8221;.vc_custom_1649196113380{padding-top: 60px !important;padding-bottom: 60px !important;}&#8221;][vc_row full_width=&#8221;stretch_row&#8221; pix_particles_check=&#8221;&#8221;][vc_column content_align=&#8221;text-center&#8221;][\/vc_column][\/vc_row][vc_row b_flip_h=&#8221;true&#8221; pix_particles_check=&#8221;&#8221; css=&#8221;.vc_custom_1649196145615{padding-bottom: 20px !important;}&#8221;][vc_column content_align=&#8221;text-center&#8221; offset=&#8221;vc_col-lg-offset-1 vc_col-lg-10&#8243;][\/vc_column][\/vc_row][\/vc_section]","protected":false},"author":1,"featured_media":0,"parent":0,"menu_order":0,"comment_status":"closed","ping_status":"closed","template":"","meta":{"footnotes":""},"class_list":["post-13546","page","type-page","status-publish","hentry"],"_links":{"self":[{"href":"https:\/\/medyaland.com.tr\/index.php\/wp-json\/wp\/v2\/pages\/13546","targetHints":{"allow":["GET"]}}],"collection":[{"href":"https:\/\/medyaland.com.tr\/index.php\/wp-json\/wp\/v2\/pages"}],"about":[{"href":"https:\/\/medyaland.com.tr\/index.php\/wp-json\/wp\/v2\/types\/page"}],"author":[{"embeddable":true,"href":"https:\/\/medyaland.com.tr\/index.php\/wp-json\/wp\/v2\/users\/1"}],"replies":[{"embeddable":true,"href":"https:\/\/medyaland.com.tr\/index.php\/wp-json\/wp\/v2\/comments?post=13546"}],"version-history":[{"count":8,"href":"https:\/\/medyaland.com.tr\/index.php\/wp-json\/wp\/v2\/pages\/13546\/revisions"}],"predecessor-version":[{"id":13611,"href":"https:\/\/medyaland.com.tr\/index.php\/wp-json\/wp\/v2\/pages\/13546\/revisions\/13611"}],"wp:attachment":[{"href":"https:\/\/medyaland.com.tr\/index.php\/wp-json\/wp\/v2\/media?parent=13546"}],"curies":[{"name":"wp","href":"https:\/\/api.w.org\/{rel}","templated":true}]}}