{"id":13499,"date":"2025-08-10T14:50:44","date_gmt":"2025-08-10T11:50:44","guid":{"rendered":"https:\/\/medyaland.com.tr\/?page_id=13499"},"modified":"2025-08-12T00:42:02","modified_gmt":"2025-08-11T21:42:02","slug":"ui-ux-tasarim","status":"publish","type":"page","link":"https:\/\/medyaland.com.tr\/index.php\/ui-ux-tasarim\/","title":{"rendered":"UI\/UX Tasar\u0131m"},"content":{"rendered":"<div class=\"wpb-content-wrapper\"><p>[vc_section full_width=&#8221;stretch_row&#8221; pix_over_visibility=&#8221;&#8221; css=&#8221;.vc_custom_1592312190141{padding-top: 80px !important;padding-bottom: 80px !important;background-color: #f8f9fa !important;}&#8221;][vc_row full_width=&#8221;stretch_row&#8221; equal_height=&#8221;yes&#8221; pix_particles_check=&#8221;&#8221;][vc_column width=&#8221;1\/3&#8243; css=&#8221;.vc_custom_1592323055270{padding-top: 20px !important;padding-bottom: 20px !important;}&#8221;]<div class=\"pix-content-box card   sticky-top pix-sticky-top-adjust      rounded-lg  bg- w-100  \"   ><div class=\"\" style=\"z-index:30;position:relative;\"><div class=\"pix-element-div w-100 text-left\"><span class=\"pix-badge-element h6 d-inline-flex mr-1 animate-in\" data-anim-type=\"fade-in-up\" data-anim-delay=\"0\"><span class=\"badge font-weight-bold  bg-primary  vc_custom_1592344693532  \" style=\" \"><span class=\"text-white\" style=\"\">Unlimited Possibilities<\/span><\/span><\/span><\/div><div id=\"el1754948534966-3e319915-d8a0\" class=\"mb-3 text-left  vc_custom_1592344709957\"><h3 class=\"mb-32 pix-sliding-headline-2 animate-in font-weight-bold secondary-font \" data-anim-type=\"pix-sliding-text\" pix-anim-delay=\"500\" data-class=\"secondary-font text-heading-default\" style=\"\"><span class=\"slide-in-container \"><span class=\"pix-sliding-item secondary-font text-heading-default\" style=\"transition-delay: 0ms;\">Showcase&#32;<\/span><\/span> <span class=\"slide-in-container \"><span class=\"pix-sliding-item secondary-font text-heading-default\" style=\"transition-delay: 150ms;\">your&#32;<\/span><\/span> <span class=\"slide-in-container \"><span class=\"pix-sliding-item secondary-font text-heading-default\" style=\"transition-delay: 300ms;\">works&#32;<\/span><\/span> <span class=\"slide-in-container \"><span class=\"pix-sliding-item secondary-font text-heading-default\" style=\"transition-delay: 450ms;\">using&#32;<\/span><\/span> <span class=\"slide-in-container \"><span class=\"pix-sliding-item secondary-font text-heading-default\" style=\"transition-delay: 600ms;\">Essentials&#32;<\/span><\/span> <span class=\"slide-in-container \"><span class=\"pix-sliding-item secondary-font text-heading-default\" style=\"transition-delay: 750ms;\">portfolio&#32;<\/span><\/span> <\/h3><\/div><div class=\"pix-el-text w-100   vc_custom_1590548147650\" ><p class=\"text-20  text-body-default  \" ><span class=\"text-body-default animate-in d-inline-block\" data-anim-delay=\"900\" data-anim-type=\"fade-in-up\">This is just a simple text made for this unique and awesome template, you can replace it with any text.<\/span><\/p><\/div><a  href=\"https:\/\/essentials.pixfort.com\/construction\/portfolio\/\" class=\"btn mb-2     shadow shadow-hover btn-secondary d-inline-flex align-items-center pix-hover-item       animate-in btn-md\" target=\"_blank\" rel=\"noopener\"  data-anim-type=\"fade-in-up\" data-anim-delay=\"800\" ><svg class=\"pixfort-icon font-weight-bold  pix-hover-left  mr-2\" width=\"24\" height=\"24\"  data-name=\"Line\/pixfort-icon-duplicate-1\" viewBox=\"2 2 20 20\"><path fill=\"none\" stroke=\"var(--pf-icon-color)\" stroke-linecap=\"round\" stroke-linejoin=\"round\" stroke-width=\"var(--pf-icon-stroke-width)\" d=\"M9,15 L5,15 C3.8954305,15 3,14.1045695 3,13 L3,5 C3,3.8954305 3.8954305,3 5,3 L13,3 C14.1045695,3 15,3.8954305 15,5 L15,9 M11,9 L19,9 C20.1045695,9 21,9.8954305 21,11 L21,19 C21,20.1045695 20.1045695,21 19,21 L11,21 C9.8954305,21 9,20.1045695 9,19 L9,11 C9,9.8954305 9.8954305,9 11,9 Z\"\/><\/svg><span class=\"font-weight-bold \" >Check our portfolio<\/span><\/a><\/div><\/div>[\/vc_column][vc_column width=&#8221;2\/3&#8243; content_align=&#8221;text-center&#8221;]<div class=\"\"><div class=\"pix-portfolio\"><div class=\"col-12 pix-pb-50 text-left  pix-portfolio-nav\"><a href=\"#\" data-category=\"*\" class=\"portfolio_filter is-checked btn btn-link btn-colored-shadow\"><strong>All<\/strong><\/a><a href=\"#\" data-category=\".category-web-tasarim\" class=\"portfolio_filter btn btn-link btn-colored-shadow\"><strong>Web Tasar\u0131m<\/strong><\/a><\/div><div class=\" portfolio_grid\" style=\"width:100%\"><div class=\"col-12 pb-4 grid-item category-web-tasarim   col-md-6 col-lg-6\" data-category=\"transition\"><div class=\"card bg-white rounded-lg overflow-hidden fly-sm shadow w-100 animate-in\" data-anim-type=\"fade-in\" data-anim-delay=\"200\"><a href=\"https:\/\/medyaland.com.tr\/index.php\/portfolio-item\/efeler-ve-kizanlar-dernegi-internet-sitesi-tasarimi\/\"><img loading=\"lazy\" decoding=\"async\" width=\"600\" height=\"450\" src=\"https:\/\/medyaland.com.tr\/wp-content\/uploads\/2025\/08\/screencapture-efelervekizanlardernegi-2025-07-15-17_33_36-600x450.png\" class=\"card-img img-fluid card-img-top rounded-0\" alt=\"Efeler ve K\u0131zanlar Derne\u011fi \u0130nternet Sitesi Tasar\u0131m\u0131\" loading=\"lazy\" style=\"height:225px !important;width:100%;object-fit: cover;\" \/><\/a><div class=\"pix-p-20\"><div class=\"d-flex\"><div class=\"align-self-center card-content-box\"><a class=\"text-heading-default\" href=\"https:\/\/medyaland.com.tr\/index.php\/portfolio-item\/efeler-ve-kizanlar-dernegi-internet-sitesi-tasarimi\/\"><h6 class=\"card-title mb-1 secondary-font\"><strong>Efeler ve K\u0131zanlar Derne\u011fi \u0130nternet Sitesi Tasar\u0131m\u0131<\/strong><\/h6><\/a><\/div><\/div><div class=\"card-footer text-right d-flex align-items-end2 px-0 py-1 w-100 bg-transparent\" style=\"line-height:0;\"><div class=\"flex-fill text-left\"><a class=\"mb-1 d-inline-block\" href=\"https:\/\/medyaland.com.tr\/index.php\/portfolio-types\/web-tasarim\/\"><span class=\"pix-badge-element custom d-inline-flex mr-1 \"  ><span class=\"badge font-weight-bold  bg-primary-light   \" style=\"font-size:14px; padding:5px 10px;line-height:14px;\"><span class=\"text-primary\" style=\"\">Web Tasar\u0131m<\/span><\/span><\/span><\/a><\/div><div class=\"flex-fill justify-content-end d-flex align-items-center text-right\"><a href=\"#\" class=\"d-inline-block position-relative text-xs align-items-center pixfort-likes\" id=\"pixfort-likes-13581\" title=\"Like this\"><span class=\"pixfort-likes-small d-flex align-items-center justify-content-center text-right text-xs text-body-default svg-body-default \"><span class=\"pixfort-likes-icon d-inline-block pix-pr-5\"><svg height=\"16\" viewBox=\"0 0 18 16\" width=\"18\" xmlns=\"http:\/\/www.w3.org\/2000\/svg\"><path d=\"m.22464899 6.06896552c1.01092043 3.75172414 5.64430577 7.53103448 8.42433697 9.79310348.11232449.0827586.22464899.137931.3650546.137931.14040562 0 .25273011-.0551724.3650546-.137931 4.85803434-4 7.60998444-7.17241383 8.39625584-9.73793107.0561623-.19310345.1123245-.4137931.1684868-.63448276v-.08275862c.0280811-.22068965.0561622-.44137931.0561622-.63448276v-.0275862-.02758621c0-2.59310345-2.1341654-4.68965517-4.773791-4.68965517-1.6848673 0-3.28549137.85517241-4.21216844 2.12413793-.95475819-1.29655173-2.55538221-2.15172414-4.24024961-2.15172414-2.58346334 0-4.66146646 1.95862069-4.77379095 4.49655172v.08275862.05517242.05517241c0 .46896552.08424337.96551724.22464899 1.37931035zm1.35035101-1.21735262v-.02580645c.05294118-1.83225806 1.56176471-3.27741935 3.44117647-3.27741935 1.50882353 0 2.93823529.9032258 3.44117647 2.16774193.05294118.20645162.21176471.36129032.42352941.41290323.26470589.0516129.50294118-.10322581.58235294-.33548387.50294118-1.29032258 1.98529411-2.24516129 3.49411761-2.24516129 1.9058824 0 3.4411765 1.49677419 3.4411765 3.35483871v.0516129c0 .15483871-.0264706.30967742-.0529412.46451613v.0516129c-.0264706.15483871-.0794117.33548387-.1058823.49032258-.6617647 2.09032258-3.0970588 4.90322578-7.25294119 8.33548388-2.54117647-2.0645161-6.43235295-5.31612904-7.25294118-8.38709678-.10588235-.33548387-.15882353-.67096774-.15882353-1.00645161 0 0 0-.02580646 0-.05161291z\" fill=\"#bbb\"\/><\/svg><\/span><span class=\"pixfort-likes-count align-middle font-weight-bold\" data-count=\"0\">-<\/span><\/span><\/a><\/div><\/div><\/div><\/div><\/div><\/div><\/div><\/div>[\/vc_column][\/vc_row][\/vc_section]<\/p>\n<\/div>","protected":false},"excerpt":{"rendered":"[vc_section full_width=&#8221;stretch_row&#8221; pix_over_visibility=&#8221;&#8221; css=&#8221;.vc_custom_1592312190141{padding-top: 80px !important;padding-bottom: 80px !important;background-color: #f8f9fa !important;}&#8221;][vc_row full_width=&#8221;stretch_row&#8221; equal_height=&#8221;yes&#8221; pix_particles_check=&#8221;&#8221;][vc_column width=&#8221;1\/3&#8243; css=&#8221;.vc_custom_1592323055270{padding-top: 20px !important;padding-bottom: 20px !important;}&#8221;][\/vc_column][vc_column width=&#8221;2\/3&#8243; content_align=&#8221;text-center&#8221;][\/vc_column][\/vc_row][\/vc_section]","protected":false},"author":1,"featured_media":0,"parent":0,"menu_order":0,"comment_status":"closed","ping_status":"closed","template":"","meta":{"footnotes":""},"class_list":["post-13499","page","type-page","status-publish","hentry"],"_links":{"self":[{"href":"https:\/\/medyaland.com.tr\/index.php\/wp-json\/wp\/v2\/pages\/13499","targetHints":{"allow":["GET"]}}],"collection":[{"href":"https:\/\/medyaland.com.tr\/index.php\/wp-json\/wp\/v2\/pages"}],"about":[{"href":"https:\/\/medyaland.com.tr\/index.php\/wp-json\/wp\/v2\/types\/page"}],"author":[{"embeddable":true,"href":"https:\/\/medyaland.com.tr\/index.php\/wp-json\/wp\/v2\/users\/1"}],"replies":[{"embeddable":true,"href":"https:\/\/medyaland.com.tr\/index.php\/wp-json\/wp\/v2\/comments?post=13499"}],"version-history":[{"count":2,"href":"https:\/\/medyaland.com.tr\/index.php\/wp-json\/wp\/v2\/pages\/13499\/revisions"}],"predecessor-version":[{"id":13580,"href":"https:\/\/medyaland.com.tr\/index.php\/wp-json\/wp\/v2\/pages\/13499\/revisions\/13580"}],"wp:attachment":[{"href":"https:\/\/medyaland.com.tr\/index.php\/wp-json\/wp\/v2\/media?parent=13499"}],"curies":[{"name":"wp","href":"https:\/\/api.w.org\/{rel}","templated":true}]}}