{"id":13448,"date":"2025-08-09T23:37:03","date_gmt":"2025-08-09T20:37:03","guid":{"rendered":"https:\/\/medyaland.com.tr\/?page_id=13448"},"modified":"2025-08-10T04:11:27","modified_gmt":"2025-08-10T01:11:27","slug":"seo-analiz-araci","status":"publish","type":"page","link":"https:\/\/medyaland.com.tr\/index.php\/seo-analiz-araci\/","title":{"rendered":"Seo Analiz Arac\u0131"},"content":{"rendered":"        <div class=\"mla-extended-wrap\">\n            <div class=\"mla-form-card\">\n                <h2>Medyaland - Geli\u015fmi\u015f SEO Analizi<\/h2>\n                <p>Web sitenizin 30'dan fazla kriterle analiz edilip detayl\u0131 raporland\u0131\u011f\u0131 profesyonel SEO denetimi.<\/p>\n                <form method=\"post\" class=\"mla-extended-form\">\n                    <input type=\"hidden\" id=\"mla_nonce\" name=\"mla_nonce\" value=\"b3d3eab620\" \/><input type=\"hidden\" name=\"_wp_http_referer\" value=\"\/index.php\/wp-json\/wp\/v2\/pages\/13448\" \/>                    <input type=\"url\" name=\"site_url\" placeholder=\"https:\/\/ornek.com\" required>\n                    <input type=\"email\" name=\"user_email\" placeholder=\"email@ornek.com\" required>\n                    <button type=\"submit\" class=\"mla-btn\">Analiz Et & Kaydet<\/button>\n                <\/form>\n                <p class=\"mla-small\">Rapor kaydedilip admin panelinden incelenebilecektir.<\/p>\n            <\/div>\n        <\/div>\n        \n\n\n\n<p><\/p>\n","protected":false},"excerpt":{"rendered":"Medyaland - Geli\u015fmi\u015f SEO Analizi Web sitenizin 30'dan fazla kriterle analiz edilip detayl\u0131 raporland\u0131\u011f\u0131 profesyonel SEO denetimi. Analiz Et & Kaydet Rapor kaydedilip admin panelinden incelenebilecektir.","protected":false},"author":1,"featured_media":0,"parent":0,"menu_order":0,"comment_status":"closed","ping_status":"closed","template":"","meta":{"footnotes":""},"class_list":["post-13448","page","type-page","status-publish","hentry"],"_links":{"self":[{"href":"https:\/\/medyaland.com.tr\/index.php\/wp-json\/wp\/v2\/pages\/13448","targetHints":{"allow":["GET"]}}],"collection":[{"href":"https:\/\/medyaland.com.tr\/index.php\/wp-json\/wp\/v2\/pages"}],"about":[{"href":"https:\/\/medyaland.com.tr\/index.php\/wp-json\/wp\/v2\/types\/page"}],"author":[{"embeddable":true,"href":"https:\/\/medyaland.com.tr\/index.php\/wp-json\/wp\/v2\/users\/1"}],"replies":[{"embeddable":true,"href":"https:\/\/medyaland.com.tr\/index.php\/wp-json\/wp\/v2\/comments?post=13448"}],"version-history":[{"count":4,"href":"https:\/\/medyaland.com.tr\/index.php\/wp-json\/wp\/v2\/pages\/13448\/revisions"}],"predecessor-version":[{"id":13454,"href":"https:\/\/medyaland.com.tr\/index.php\/wp-json\/wp\/v2\/pages\/13448\/revisions\/13454"}],"wp:attachment":[{"href":"https:\/\/medyaland.com.tr\/index.php\/wp-json\/wp\/v2\/media?parent=13448"}],"curies":[{"name":"wp","href":"https:\/\/api.w.org\/{rel}","templated":true}]}}