{"id":13337,"date":"2020-07-20T13:14:38","date_gmt":"2020-07-20T13:14:38","guid":{"rendered":"https:\/\/essentials.pixfort.com\/agency\/?page_id=13337"},"modified":"2025-08-10T06:23:39","modified_gmt":"2025-08-10T03:23:39","slug":"portfolio","status":"publish","type":"page","link":"https:\/\/medyaland.com.tr\/index.php\/portfolio\/","title":{"rendered":"Neler Yapt\u0131k?"},"content":{"rendered":"<div class=\"wpb-content-wrapper\"><p>[vc_section full_width=&#8221;stretch_row&#8221; pix_over_visibility=&#8221;&#8221; css=&#8221;.vc_custom_1651705397248{padding-top: 60px !important;padding-bottom: 60px !important;background-color: #ffffff !important;}&#8221;][vc_row full_width=&#8221;stretch_row&#8221; pix_particles_check=&#8221;&#8221;][vc_column]<div class=\"pix-element-div w-100 text-center\"><span class=\"pix-badge-element h6 d-inline-flex mr-1 \"  ><span class=\"badge font-weight-bold badge-pill  bg-secondary-light  vc_custom_1754793231964  \" style=\" \"><span class=\"text-secondary\" style=\"\">Portf\u00f6y\u00fcm\u00fcz<\/span><\/span><\/span><\/div><div id=\"el1644529483173-7d9a2942-83a4\" class=\"mb-3 text-center  vc_custom_1754793152072\"><div class=\"d-inline-block\" style=\"max-width:500px;\"><h2 class=\"mb-32 pix-sliding-headline-2 animate-in font-weight-bold secondary-font \" data-anim-type=\"pix-sliding-text\" pix-anim-delay=\"500\" data-class=\"secondary-font text-heading-default\" style=\"\"><span class=\"slide-in-container \"><span class=\"pix-sliding-item secondary-font text-heading-default\" style=\"transition-delay: 0ms;\">Neler&#32;<\/span><\/span> <span class=\"slide-in-container \"><span class=\"pix-sliding-item secondary-font text-heading-default\" style=\"transition-delay: 50ms;\">Yapt\u0131k?&#32;<\/span><\/span> <span class=\"slide-in-container \"><span class=\"pix-sliding-item secondary-font text-heading-default\" style=\"transition-delay: 100ms;\">Ba\u015far\u0131&#32;<\/span><\/span> <span class=\"slide-in-container \"><span class=\"pix-sliding-item secondary-font text-heading-default\" style=\"transition-delay: 150ms;\">Hikayelerimiz&#32;<\/span><\/span> <\/h2><\/div><\/div><div class=\"pix-el-text w-100 text-center \" ><div class=\"d-inline-block\" style=\"max-width:600px;\"><p class=\"text-18  text-body-default text-center \" ><span class=\"text-body-default animate-in d-inline-block\" data-anim-delay=\"200\" data-anim-type=\"fade-in-up\">Medyaland olarak her projeye, markalar\u0131n dijital d\u00fcnyada en g\u00fc\u00e7l\u00fc \u015fekilde var olmas\u0131n\u0131 sa\u011flamak amac\u0131yla yakla\u015f\u0131yoruz. Tasar\u0131mdan yaz\u0131l\u0131ma, SEO\u2019dan dijital pazarlamaya kadar \u00fcretti\u011fimiz her \u00e7\u00f6z\u00fcm, i\u015f ortaklar\u0131m\u0131z\u0131n hedeflerine ula\u015fmas\u0131 i\u00e7in \u00f6zel olarak tasarlan\u0131yor. Burada, hayata ge\u00e7irdi\u011fimiz projelerden baz\u0131lar\u0131n\u0131 ve yaratt\u0131\u011f\u0131m\u0131z etkiyi g\u00f6rebilirsiniz.<\/span><\/p><\/div><\/div>[\/vc_column][\/vc_row][vc_row pix_particles_check=&#8221;&#8221; css=&#8221;.vc_custom_1648508113873{padding-top: 40px !important;}&#8221;][vc_column]<div class=\"pix-lightbox\"><div class=\"pix_masonry  pix-3-columns\" style=\"width:100%\"><div class=\"grid-sizer\"><\/div><div class=\"gutter-sizer\"><\/div><div class=\" grid-item grid-item--width2 pix-mb-20 \"><a class=\"card pix-lightbox pix-lightbox-item pix-hover-item   rounded-10\" data-fancybox=\"gallery\" data-caption=\"\" href=\"https:\/\/medyaland.com.tr\/wp-content\/uploads\/2025\/08\/IMG_0505-scaled.jpg\"><img fetchpriority=\"high\" decoding=\"async\" class=\"card-img pix-hover-colored rounded-10 pix-gallery-item pix-gallery-lg\" src=\"https:\/\/medyaland.com.tr\/wp-content\/uploads\/2025\/08\/IMG_0505-scaled.jpg\" width=\"2560\" height=\"1707\" alt=\"\" \/><div class=\"card-img-overlay d-flex align-items-end pix-p-10\"><div class=\"card-content-box pix-p-20 rounded-10 w-100 shadow pix-fade-in bg-white d-flex justify-content-between align-items-center\"><div class=\"card-title font-weight-bold secondary-font  text-heading-default m-0 w-100\" style=\"font-size:18px;\">09.08.2025 Senem & Ahmet Ni\u015fan \u00c7ekimi<\/div><div class=\"m-0 font-weight-bold secondary-font  text-heading-default\"><svg xmlns=\"http:\/\/www.w3.org\/2000\/svg\" height=\"24\" viewBox=\"0 0 24 24\" width=\"24\"><path d=\"M7 14H5v5h5v-2H7v-3zm-2-4h2V7h3V5H5v5zm12 7h-3v2h5v-5h-2v3zM14 5v2h3v3h2V5h-5z\"\/><\/svg>\n<\/div><\/div><\/div><\/a><\/div><div class=\" grid-item pix-mb-20 \"><a class=\"card pix-lightbox pix-lightbox-item pix-hover-item   rounded-10\" data-fancybox=\"gallery\" data-caption=\"\" href=\"https:\/\/medyaland.com.tr\/wp-content\/uploads\/2025\/08\/IMG_0851-scaled.jpg\"><img decoding=\"async\" class=\"card-img  rounded-10 pix-gallery-item pix-gallery-lg\" src=\"https:\/\/medyaland.com.tr\/wp-content\/uploads\/2025\/08\/IMG_0851-scaled.jpg\" width=\"2560\" height=\"1707\" alt=\"\" \/><div class=\"card-img-overlay d-flex align-items-end pix-p-10\"><div class=\"card-content-box pix-p-20 rounded-10 w-100 shadow  bg-white d-flex justify-content-between align-items-center\"><div class=\"card-title font-weight-bold secondary-font  text-heading-default m-0 w-100\" style=\"font-size:18px;\">09.08.2025 Senem & Ahmet Ni\u015fan \u00c7ekimi<\/div><div class=\"m-0 font-weight-bold secondary-font  text-heading-default\"><svg xmlns=\"http:\/\/www.w3.org\/2000\/svg\" height=\"24\" viewBox=\"0 0 24 24\" width=\"24\"><path d=\"M7 14H5v5h5v-2H7v-3zm-2-4h2V7h3V5H5v5zm12 7h-3v2h5v-5h-2v3zM14 5v2h3v3h2V5h-5z\"\/><\/svg>\n<\/div><\/div><\/div><\/a><\/div><\/div><\/div><div class=\"pix-lightbox\"><div class=\"pix_masonry  pix-3-columns\" style=\"width:100%\"><div class=\"grid-sizer\"><\/div><div class=\"gutter-sizer\"><\/div><div class=\" grid-item grid-item--width2 pix-mb-20 \"><a class=\"card pix-lightbox pix-lightbox-item pix-hover-item   rounded-10\" data-fancybox=\"gallery\" data-caption=\"\" href=\"https:\/\/medyaland.com.tr\/wp-content\/uploads\/2025\/08\/ioanahazal-dn-hakkimizda-scaled.png\"><img decoding=\"async\" class=\"card-img pix-hover-colored rounded-10 pix-gallery-item pix-gallery-lg\" src=\"https:\/\/medyaland.com.tr\/wp-content\/uploads\/2025\/08\/ioanahazal-dn-hakkimizda-scaled.png\" width=\"1551\" height=\"2560\" alt=\"\" \/><div class=\"card-img-overlay d-flex align-items-end pix-p-10\"><div class=\"card-content-box pix-p-20 rounded-10 w-100 shadow pix-fade-in bg-white d-flex justify-content-between align-items-center\"><div class=\"card-title font-weight-bold secondary-font  text-heading-default m-0 w-100\" style=\"font-size:18px;\">IonaHazal Astroloji Web Tasar\u0131m Hizmeti<\/div><div class=\"m-0 font-weight-bold secondary-font  text-heading-default\"><svg xmlns=\"http:\/\/www.w3.org\/2000\/svg\" height=\"24\" viewBox=\"0 0 24 24\" width=\"24\"><path d=\"M7 14H5v5h5v-2H7v-3zm-2-4h2V7h3V5H5v5zm12 7h-3v2h5v-5h-2v3zM14 5v2h3v3h2V5h-5z\"\/><\/svg>\n<\/div><\/div><\/div><\/a><\/div><div class=\" grid-item pix-mb-20 \"><a class=\"card pix-lightbox pix-lightbox-item pix-hover-item   rounded-10\" data-fancybox=\"gallery\" data-caption=\"\" href=\"https:\/\/medyaland.com.tr\/wp-content\/uploads\/2025\/08\/ioanahazal-dn1-scaled.png\"><img loading=\"lazy\" decoding=\"async\" class=\"card-img  rounded-10 pix-gallery-item pix-gallery-lg\" src=\"https:\/\/medyaland.com.tr\/wp-content\/uploads\/2025\/08\/ioanahazal-dn1-scaled.png\" width=\"1391\" height=\"2560\" alt=\"\" \/><div class=\"card-img-overlay d-flex align-items-end pix-p-10\"><div class=\"card-content-box pix-p-20 rounded-10 w-100 shadow  bg-white d-flex justify-content-between align-items-center\"><div class=\"card-title font-weight-bold secondary-font  text-heading-default m-0 w-100\" style=\"font-size:18px;\">IonaHazal Astroloji Web Tasar\u0131m Hizmeti<\/div><div class=\"m-0 font-weight-bold secondary-font  text-heading-default\"><svg xmlns=\"http:\/\/www.w3.org\/2000\/svg\" height=\"24\" viewBox=\"0 0 24 24\" width=\"24\"><path d=\"M7 14H5v5h5v-2H7v-3zm-2-4h2V7h3V5H5v5zm12 7h-3v2h5v-5h-2v3zM14 5v2h3v3h2V5h-5z\"\/><\/svg>\n<\/div><\/div><\/div><\/a><\/div><\/div><\/div><div class=\"pix-lightbox\"><div class=\"pix_masonry  pix-3-columns\" style=\"width:100%\"><div class=\"grid-sizer\"><\/div><div class=\"gutter-sizer\"><\/div><div class=\" grid-item grid-item--width2 pix-mb-20 \"><a class=\"card pix-lightbox pix-lightbox-item pix-hover-item   rounded-10\" data-fancybox=\"gallery\" data-caption=\"\" href=\"https:\/\/medyaland.com.tr\/wp-content\/uploads\/2025\/08\/screencapture-efelervekizanlardernegi-iletisim-2025-08-10-05_57_11.png\"><img loading=\"lazy\" decoding=\"async\" class=\"card-img pix-hover-colored rounded-10 pix-gallery-item pix-gallery-lg\" src=\"https:\/\/medyaland.com.tr\/wp-content\/uploads\/2025\/08\/screencapture-efelervekizanlardernegi-iletisim-2025-08-10-05_57_11.png\" width=\"1920\" height=\"2109\" alt=\"\" \/><div class=\"card-img-overlay d-flex align-items-end pix-p-10\"><div class=\"card-content-box pix-p-20 rounded-10 w-100 shadow pix-fade-in bg-white d-flex justify-content-between align-items-center\"><div class=\"card-title font-weight-bold secondary-font  text-heading-default m-0 w-100\" style=\"font-size:18px;\">Efeler ve K\u0131zanlar Derne\u011fi Web Tasar\u0131m Hizmeti<\/div><div class=\"m-0 font-weight-bold secondary-font  text-heading-default\"><svg xmlns=\"http:\/\/www.w3.org\/2000\/svg\" height=\"24\" viewBox=\"0 0 24 24\" width=\"24\"><path d=\"M7 14H5v5h5v-2H7v-3zm-2-4h2V7h3V5H5v5zm12 7h-3v2h5v-5h-2v3zM14 5v2h3v3h2V5h-5z\"\/><\/svg>\n<\/div><\/div><\/div><\/a><\/div><div class=\" grid-item pix-mb-20 \"><a class=\"card pix-lightbox pix-lightbox-item pix-hover-item   rounded-10\" data-fancybox=\"gallery\" data-caption=\"\" href=\"https:\/\/medyaland.com.tr\/wp-content\/uploads\/2025\/08\/screencapture-efelervekizanlardernegi-2025-07-15-17_33_36-scaled.png\"><img loading=\"lazy\" decoding=\"async\" class=\"card-img  rounded-10 pix-gallery-item pix-gallery-lg\" src=\"https:\/\/medyaland.com.tr\/wp-content\/uploads\/2025\/08\/screencapture-efelervekizanlardernegi-2025-07-15-17_33_36-scaled.png\" width=\"1739\" height=\"2560\" alt=\"\" \/><div class=\"card-img-overlay d-flex align-items-end pix-p-10\"><div class=\"card-content-box pix-p-20 rounded-10 w-100 shadow  bg-white d-flex justify-content-between align-items-center\"><div class=\"card-title font-weight-bold secondary-font  text-heading-default m-0 w-100\" style=\"font-size:18px;\">Efeler ve K\u0131zanlar Derne\u011fi Web Tasar\u0131m Hizmeti<\/div><div class=\"m-0 font-weight-bold secondary-font  text-heading-default\"><svg xmlns=\"http:\/\/www.w3.org\/2000\/svg\" height=\"24\" viewBox=\"0 0 24 24\" width=\"24\"><path d=\"M7 14H5v5h5v-2H7v-3zm-2-4h2V7h3V5H5v5zm12 7h-3v2h5v-5h-2v3zM14 5v2h3v3h2V5h-5z\"\/><\/svg>\n<\/div><\/div><\/div><\/a><\/div><\/div><\/div><div class=\"pix-lightbox\"><div class=\"pix_masonry  pix-3-columns\" style=\"width:100%\"><div class=\"grid-sizer\"><\/div><div class=\"gutter-sizer\"><\/div><div class=\" grid-item grid-item--width2 pix-mb-20 \"><a class=\"card pix-lightbox pix-lightbox-item pix-hover-item   rounded-10\" data-fancybox=\"gallery\" data-caption=\"\" href=\"https:\/\/medyaland.com.tr\/wp-content\/uploads\/2025\/08\/screencapture-izmirtentehane-2025-07-15-17_33_04-scaled-e1754825044111.png\"><img loading=\"lazy\" decoding=\"async\" class=\"card-img pix-hover-colored rounded-10 pix-gallery-item pix-gallery-lg\" src=\"https:\/\/medyaland.com.tr\/wp-content\/uploads\/2025\/08\/screencapture-izmirtentehane-2025-07-15-17_33_04-scaled-e1754825044111.png\" width=\"823\" height=\"710\" alt=\"\" \/><div class=\"card-img-overlay d-flex align-items-end pix-p-10\"><div class=\"card-content-box pix-p-20 rounded-10 w-100 shadow pix-fade-in bg-white d-flex justify-content-between align-items-center\"><div class=\"card-title font-weight-bold secondary-font  text-heading-default m-0 w-100\" style=\"font-size:18px;\">Tentehane Web Tasar\u0131m Hizmeti<\/div><div class=\"m-0 font-weight-bold secondary-font  text-heading-default\"><svg xmlns=\"http:\/\/www.w3.org\/2000\/svg\" height=\"24\" viewBox=\"0 0 24 24\" width=\"24\"><path d=\"M7 14H5v5h5v-2H7v-3zm-2-4h2V7h3V5H5v5zm12 7h-3v2h5v-5h-2v3zM14 5v2h3v3h2V5h-5z\"\/><\/svg>\n<\/div><\/div><\/div><\/a><\/div><div class=\" grid-item pix-mb-20 \"><a class=\"card pix-lightbox pix-lightbox-item pix-hover-item   rounded-10\" data-fancybox=\"gallery\" data-caption=\"\" href=\"https:\/\/medyaland.com.tr\/wp-content\/uploads\/2025\/08\/screencapture-izmirtentehane-2025-07-15-17_33_04-scaled-e1754825044111.png\"><img loading=\"lazy\" decoding=\"async\" class=\"card-img  rounded-10 pix-gallery-item pix-gallery-lg\" src=\"https:\/\/medyaland.com.tr\/wp-content\/uploads\/2025\/08\/screencapture-izmirtentehane-2025-07-15-17_33_04-scaled-e1754825044111.png\" width=\"823\" height=\"710\" alt=\"\" \/><div class=\"card-img-overlay d-flex align-items-end pix-p-10\"><div class=\"card-content-box pix-p-20 rounded-10 w-100 shadow  bg-white d-flex justify-content-between align-items-center\"><div class=\"card-title font-weight-bold secondary-font  text-heading-default m-0 w-100\" style=\"font-size:18px;\">Tentehane Web Tasar\u0131m Hizmeti<\/div><div class=\"m-0 font-weight-bold secondary-font  text-heading-default\"><svg xmlns=\"http:\/\/www.w3.org\/2000\/svg\" height=\"24\" viewBox=\"0 0 24 24\" width=\"24\"><path d=\"M7 14H5v5h5v-2H7v-3zm-2-4h2V7h3V5H5v5zm12 7h-3v2h5v-5h-2v3zM14 5v2h3v3h2V5h-5z\"\/><\/svg>\n<\/div><\/div><\/div><\/a><\/div><\/div><\/div><div class=\"pix-lightbox\"><div class=\"pix_masonry  pix-3-columns\" style=\"width:100%\"><div class=\"grid-sizer\"><\/div><div class=\"gutter-sizer\"><\/div><div class=\" grid-item grid-item--width2 pix-mb-20 \"><a class=\"card pix-lightbox pix-lightbox-item pix-hover-item   rounded-10\" data-fancybox=\"gallery\" data-caption=\"\" href=\"https:\/\/medyaland.com.tr\/wp-content\/uploads\/2025\/08\/screencapture-bioclimaticpergolasistemleri-2025-07-15-17_32_29-scaled.png\"><img loading=\"lazy\" decoding=\"async\" class=\"card-img pix-hover-colored rounded-10 pix-gallery-item pix-gallery-lg\" src=\"https:\/\/medyaland.com.tr\/wp-content\/uploads\/2025\/08\/screencapture-bioclimaticpergolasistemleri-2025-07-15-17_32_29-scaled.png\" width=\"965\" height=\"2560\" alt=\"\" \/><div class=\"card-img-overlay d-flex align-items-end pix-p-10\"><div class=\"card-content-box pix-p-20 rounded-10 w-100 shadow pix-fade-in bg-white d-flex justify-content-between align-items-center\"><div class=\"card-title font-weight-bold secondary-font  text-heading-default m-0 w-100\" style=\"font-size:18px;\">Bioclimatic Pergola Sistemleri Web Tasar\u0131m Hizmeti<\/div><div class=\"m-0 font-weight-bold secondary-font  text-heading-default\"><svg xmlns=\"http:\/\/www.w3.org\/2000\/svg\" height=\"24\" viewBox=\"0 0 24 24\" width=\"24\"><path d=\"M7 14H5v5h5v-2H7v-3zm-2-4h2V7h3V5H5v5zm12 7h-3v2h5v-5h-2v3zM14 5v2h3v3h2V5h-5z\"\/><\/svg>\n<\/div><\/div><\/div><\/a><\/div><div class=\" grid-item pix-mb-20 \"><a class=\"card pix-lightbox pix-lightbox-item pix-hover-item   rounded-10\" data-fancybox=\"gallery\" data-caption=\"\" href=\"https:\/\/medyaland.com.tr\/wp-content\/uploads\/2025\/08\/bioclimatic-scaled-e1754795935608-1.png\"><img loading=\"lazy\" decoding=\"async\" class=\"card-img  rounded-10 pix-gallery-item pix-gallery-lg\" src=\"https:\/\/medyaland.com.tr\/wp-content\/uploads\/2025\/08\/bioclimatic-scaled-e1754795935608-1.png\" width=\"964\" height=\"1610\" alt=\"\" \/><div class=\"card-img-overlay d-flex align-items-end pix-p-10\"><div class=\"card-content-box pix-p-20 rounded-10 w-100 shadow  bg-white d-flex justify-content-between align-items-center\"><div class=\"card-title font-weight-bold secondary-font  text-heading-default m-0 w-100\" style=\"font-size:18px;\">Bioclimatic Pergola Sistemleri Web Tasar\u0131m Hizmeti<\/div><div class=\"m-0 font-weight-bold secondary-font  text-heading-default\"><svg xmlns=\"http:\/\/www.w3.org\/2000\/svg\" height=\"24\" viewBox=\"0 0 24 24\" width=\"24\"><path d=\"M7 14H5v5h5v-2H7v-3zm-2-4h2V7h3V5H5v5zm12 7h-3v2h5v-5h-2v3zM14 5v2h3v3h2V5h-5z\"\/><\/svg>\n<\/div><\/div><\/div><\/a><\/div><\/div><\/div>[\/vc_column][\/vc_row][\/vc_section]<\/p>\n<\/div>","protected":false},"excerpt":{"rendered":"[vc_section full_width=&#8221;stretch_row&#8221; pix_over_visibility=&#8221;&#8221; css=&#8221;.vc_custom_1651705397248{padding-top: 60px !important;padding-bottom: 60px !important;background-color: #ffffff !important;}&#8221;][vc_row full_width=&#8221;stretch_row&#8221; pix_particles_check=&#8221;&#8221;][vc_column][\/vc_column][\/vc_row][vc_row pix_particles_check=&#8221;&#8221; css=&#8221;.vc_custom_1648508113873{padding-top: 40px !important;}&#8221;][vc_column][\/vc_column][\/vc_row][\/vc_section]","protected":false},"author":1,"featured_media":0,"parent":0,"menu_order":0,"comment_status":"closed","ping_status":"closed","template":"templates\/template-portfolio-default.php","meta":{"footnotes":""},"class_list":["post-13337","page","type-page","status-publish","hentry"],"_links":{"self":[{"href":"https:\/\/medyaland.com.tr\/index.php\/wp-json\/wp\/v2\/pages\/13337","targetHints":{"allow":["GET"]}}],"collection":[{"href":"https:\/\/medyaland.com.tr\/index.php\/wp-json\/wp\/v2\/pages"}],"about":[{"href":"https:\/\/medyaland.com.tr\/index.php\/wp-json\/wp\/v2\/types\/page"}],"author":[{"embeddable":true,"href":"https:\/\/medyaland.com.tr\/index.php\/wp-json\/wp\/v2\/users\/1"}],"replies":[{"embeddable":true,"href":"https:\/\/medyaland.com.tr\/index.php\/wp-json\/wp\/v2\/comments?post=13337"}],"version-history":[{"count":15,"href":"https:\/\/medyaland.com.tr\/index.php\/wp-json\/wp\/v2\/pages\/13337\/revisions"}],"predecessor-version":[{"id":13489,"href":"https:\/\/medyaland.com.tr\/index.php\/wp-json\/wp\/v2\/pages\/13337\/revisions\/13489"}],"wp:attachment":[{"href":"https:\/\/medyaland.com.tr\/index.php\/wp-json\/wp\/v2\/media?parent=13337"}],"curies":[{"name":"wp","href":"https:\/\/api.w.org\/{rel}","templated":true}]}}